{"id":7260,"date":"2026-03-17T12:44:45","date_gmt":"2026-03-17T11:44:45","guid":{"rendered":"https:\/\/solute.es\/?page_id=7260"},"modified":"2026-03-17T12:48:15","modified_gmt":"2026-03-17T11:48:15","slug":"aquilon_ai_weather_forecasts","status":"publish","type":"page","link":"https:\/\/solute.es\/es\/aquilon_ai_weather_forecasts\/","title":{"rendered":"Aquilon"},"content":{"rendered":"<div data-elementor-type=\"wp-page\" data-elementor-id=\"7260\" class=\"elementor elementor-7260\" data-elementor-post-type=\"page\">\n\t\t\t\t<div class=\"elementor-element elementor-element-3b4f77e e-flex e-con-boxed e-con e-parent\" data-id=\"3b4f77e\" data-element_type=\"container\" data-settings=\"{&quot;background_background&quot;:&quot;classic&quot;}\">\n\t\t\t\t\t<div class=\"e-con-inner\">\n\t\t<div class=\"elementor-element elementor-element-c51d9f0 e-con-full e-flex e-con e-child\" data-id=\"c51d9f0\" data-element_type=\"container\">\n\t\t\t\t<div class=\"elementor-element elementor-element-7039bd1 elementor-invisible elementor-widget elementor-widget-heading\" data-id=\"7039bd1\" data-element_type=\"widget\" data-settings=\"{&quot;_animation&quot;:&quot;fadeInUp&quot;,&quot;_animation_delay&quot;:200}\" data-widget_type=\"heading.default\">\n\t\t\t\t<div class=\"elementor-widget-container\">\n\t\t\t\t\t<div class=\"elementor-heading-title elementor-size-default\">Aquil\u00f3n | Predicci\u00f3n meteorol\u00f3gica con IA<\/div>\t\t\t\t<\/div>\n\t\t\t\t<\/div>\n\t\t\t\t<\/div>\n\t\t\t\t\t<\/div>\n\t\t\t\t<\/div>\n\t\t<div class=\"elementor-element elementor-element-a167352 e-flex e-con-boxed e-con e-parent\" data-id=\"a167352\" data-element_type=\"container\">\n\t\t\t\t\t<div class=\"e-con-inner\">\n\t\t\t\t<div class=\"elementor-element elementor-element-44d0805 elementor-widget__width-initial elementor-widget elementor-widget-image\" data-id=\"44d0805\" data-element_type=\"widget\" data-widget_type=\"image.default\">\n\t\t\t\t<div class=\"elementor-widget-container\">\n\t\t\t\t\t\t\t\t\t\t\t\t\t\t\t<img fetchpriority=\"high\" decoding=\"async\" width=\"1661\" height=\"138\" src=\"https:\/\/solute.es\/wp-content\/uploads\/2024\/04\/Logos_Aquilon.jpg\" class=\"attachment-full size-full wp-image-1546\" alt=\"\" srcset=\"https:\/\/solute.es\/wp-content\/uploads\/2024\/04\/Logos_Aquilon.jpg 1661w, https:\/\/solute.es\/wp-content\/uploads\/2024\/04\/Logos_Aquilon-500x42.jpg 500w, https:\/\/solute.es\/wp-content\/uploads\/2024\/04\/Logos_Aquilon-768x64.jpg 768w, https:\/\/solute.es\/wp-content\/uploads\/2024\/04\/Logos_Aquilon-1536x128.jpg 1536w\" sizes=\"(max-width: 1661px) 100vw, 1661px\" \/>\t\t\t\t\t\t\t\t\t\t\t\t\t\t\t<\/div>\n\t\t\t\t<\/div>\n\t\t\t\t<div class=\"elementor-element elementor-element-bb29731 elementor-widget elementor-widget-image\" data-id=\"bb29731\" data-element_type=\"widget\" data-widget_type=\"image.default\">\n\t\t\t\t<div class=\"elementor-widget-container\">\n\t\t\t\t\t\t\t\t\t\t\t\t\t\t\t<img decoding=\"async\" width=\"550\" height=\"350\" src=\"https:\/\/solute.es\/wp-content\/uploads\/2026\/03\/Logo_Aquilon-removebg-preview.png\" class=\"attachment-large size-large wp-image-7261\" alt=\"\" srcset=\"https:\/\/solute.es\/wp-content\/uploads\/2026\/03\/Logo_Aquilon-removebg-preview.png 550w, https:\/\/solute.es\/wp-content\/uploads\/2026\/03\/Logo_Aquilon-removebg-preview-500x318.png 500w, https:\/\/solute.es\/wp-content\/uploads\/2026\/03\/Logo_Aquilon-removebg-preview-18x12.png 18w\" sizes=\"(max-width: 550px) 100vw, 550px\" \/>\t\t\t\t\t\t\t\t\t\t\t\t\t\t\t<\/div>\n\t\t\t\t<\/div>\n\t\t\t\t<div class=\"elementor-element elementor-element-49b1c08 elementor-widget elementor-widget-text-editor\" data-id=\"49b1c08\" data-element_type=\"widget\" data-widget_type=\"text-editor.default\">\n\t\t\t\t<div class=\"elementor-widget-container\">\n\t\t\t\t\t\t\t\t\t<p id=\"tw-target-text\" class=\"tw-data-text tw-text-large tw-ta\" dir=\"ltr\" tabindex=\"-1\" role=\"text\" data-placeholder=\"Traducci\u00f3n\" data-ved=\"2ahUKEwi-yKHi5qaTAxVlVfEDHWhIKHUQ3ewLegQIBBAX\" aria-label=\"Texto traducido: &quot;El contrato forma parte del proyecto CPP2021-008737, financiado por MCIN\/AEI\/10.13039\/501100011033 y por la Uni\u00f3n Europea-NextGenerationEU\/PRTR.&quot;&quot;\"><strong><span class=\"Y2IQFc\" lang=\"en\">El contrato forma parte del proyecto CPP2021-008737, financiado por MCIN\/AEI\/10.13039\/501100011033 y por la Uni\u00f3n Europea-NextGenerationEU\/PRTR.<\/span><\/strong><\/p>\t\t\t\t\t\t\t\t<\/div>\n\t\t\t\t<\/div>\n\t\t\t\t\t<\/div>\n\t\t\t\t<\/div>\n\t\t\t\t<\/div>","protected":false},"excerpt":{"rendered":"<p>Aquilon | Predicciones meteorol\u00f3gicas con IA. Este contrato forma parte del proyecto CPP2021-008737, financiado por MCIN\/AEI\/10.13039\/501100011033 y por la Uni\u00f3n Europea-NextGenerationEU\/PRTR.<\/p>","protected":false},"author":4,"featured_media":6859,"parent":0,"menu_order":0,"comment_status":"closed","ping_status":"closed","template":"elementor_header_footer","meta":{"footnotes":""},"class_list":["post-7260","page","type-page","status-publish","has-post-thumbnail","hentry"],"yoast_head":"<!-- This site is optimized with the Yoast SEO plugin v26.2 - https:\/\/yoast.com\/wordpress\/plugins\/seo\/ -->\n<title>Aquilon | SOLUTE<\/title>\n<meta name=\"robots\" content=\"index, follow, max-snippet:-1, max-image-preview:large, max-video-preview:-1\" \/>\n<link rel=\"canonical\" href=\"https:\/\/solute.es\/es\/aquilon_ai_weather_forecasts\/\" \/>\n<meta property=\"og:locale\" content=\"es_ES\" \/>\n<meta property=\"og:type\" content=\"article\" \/>\n<meta property=\"og:title\" content=\"Aquilon | SOLUTE\" \/>\n<meta property=\"og:description\" content=\"Aquilon | AI weather forecasts The contract is part of project CPP2021-008737, funded by MCIN\/AEI\/10.13039\/501100011033 and by the European Union-NextGenerationEU\/PRTR.\" \/>\n<meta property=\"og:url\" content=\"https:\/\/solute.es\/es\/aquilon_ai_weather_forecasts\/\" \/>\n<meta property=\"og:site_name\" content=\"SOLUTE\" \/>\n<meta property=\"article:modified_time\" content=\"2026-03-17T11:48:15+00:00\" \/>\n<meta property=\"og:image\" content=\"https:\/\/solute.es\/wp-content\/uploads\/2025\/10\/isologo-AVISDETv1.3_fondo-blanco_SIN-FONDO.png\" \/>\n\t<meta property=\"og:image:width\" content=\"2360\" \/>\n\t<meta property=\"og:image:height\" content=\"1144\" \/>\n\t<meta property=\"og:image:type\" content=\"image\/png\" \/>\n<meta name=\"twitter:card\" content=\"summary_large_image\" \/>\n<meta name=\"twitter:label1\" content=\"Tiempo de lectura\" \/>\n\t<meta name=\"twitter:data1\" content=\"1 minuto\" \/>\n<script type=\"application\/ld+json\" class=\"yoast-schema-graph\">{\"@context\":\"https:\/\/schema.org\",\"@graph\":[{\"@type\":\"WebPage\",\"@id\":\"https:\/\/solute.es\/aquilon_ai_weather_forecasts\/\",\"url\":\"https:\/\/solute.es\/aquilon_ai_weather_forecasts\/\",\"name\":\"Aquilon | SOLUTE\",\"isPartOf\":{\"@id\":\"https:\/\/solute.es\/#website\"},\"primaryImageOfPage\":{\"@id\":\"https:\/\/solute.es\/aquilon_ai_weather_forecasts\/#primaryimage\"},\"image\":{\"@id\":\"https:\/\/solute.es\/aquilon_ai_weather_forecasts\/#primaryimage\"},\"thumbnailUrl\":\"https:\/\/solute.es\/wp-content\/uploads\/2025\/10\/isologo-AVISDETv1.3_fondo-blanco_SIN-FONDO.png\",\"datePublished\":\"2026-03-17T11:44:45+00:00\",\"dateModified\":\"2026-03-17T11:48:15+00:00\",\"breadcrumb\":{\"@id\":\"https:\/\/solute.es\/aquilon_ai_weather_forecasts\/#breadcrumb\"},\"inLanguage\":\"es\",\"potentialAction\":[{\"@type\":\"ReadAction\",\"target\":[\"https:\/\/solute.es\/aquilon_ai_weather_forecasts\/\"]}]},{\"@type\":\"ImageObject\",\"inLanguage\":\"es\",\"@id\":\"https:\/\/solute.es\/aquilon_ai_weather_forecasts\/#primaryimage\",\"url\":\"https:\/\/solute.es\/wp-content\/uploads\/2025\/10\/isologo-AVISDETv1.3_fondo-blanco_SIN-FONDO.png\",\"contentUrl\":\"https:\/\/solute.es\/wp-content\/uploads\/2025\/10\/isologo-AVISDETv1.3_fondo-blanco_SIN-FONDO.png\",\"width\":2360,\"height\":1144},{\"@type\":\"BreadcrumbList\",\"@id\":\"https:\/\/solute.es\/aquilon_ai_weather_forecasts\/#breadcrumb\",\"itemListElement\":[{\"@type\":\"ListItem\",\"position\":1,\"name\":\"Home\",\"item\":\"https:\/\/solute.es\/\"},{\"@type\":\"ListItem\",\"position\":2,\"name\":\"Aquilon\"}]},{\"@type\":\"WebSite\",\"@id\":\"https:\/\/solute.es\/#website\",\"url\":\"https:\/\/solute.es\/\",\"name\":\"SOLUTE\",\"description\":\"Multidisciplinary engineering consultancy\",\"publisher\":{\"@id\":\"https:\/\/solute.es\/#organization\"},\"potentialAction\":[{\"@type\":\"SearchAction\",\"target\":{\"@type\":\"EntryPoint\",\"urlTemplate\":\"https:\/\/solute.es\/?s={search_term_string}\"},\"query-input\":{\"@type\":\"PropertyValueSpecification\",\"valueRequired\":true,\"valueName\":\"search_term_string\"}}],\"inLanguage\":\"es\"},{\"@type\":\"Organization\",\"@id\":\"https:\/\/solute.es\/#organization\",\"name\":\"SOLUTE\",\"url\":\"https:\/\/solute.es\/\",\"logo\":{\"@type\":\"ImageObject\",\"inLanguage\":\"es\",\"@id\":\"https:\/\/solute.es\/#\/schema\/logo\/image\/\",\"url\":\"https:\/\/solute.es\/wp-content\/uploads\/2024\/01\/SOLUTE_Engineering_350x100px.png\",\"contentUrl\":\"https:\/\/solute.es\/wp-content\/uploads\/2024\/01\/SOLUTE_Engineering_350x100px.png\",\"width\":350,\"height\":100,\"caption\":\"SOLUTE\"},\"image\":{\"@id\":\"https:\/\/solute.es\/#\/schema\/logo\/image\/\"}}]}<\/script>\n<!-- \/ Yoast SEO plugin. -->","yoast_head_json":{"title":"Aquilon | SOLUTE","robots":{"index":"index","follow":"follow","max-snippet":"max-snippet:-1","max-image-preview":"max-image-preview:large","max-video-preview":"max-video-preview:-1"},"canonical":"https:\/\/solute.es\/es\/aquilon_ai_weather_forecasts\/","og_locale":"es_ES","og_type":"article","og_title":"Aquilon | SOLUTE","og_description":"Aquilon | AI weather forecasts The contract is part of project CPP2021-008737, funded by MCIN\/AEI\/10.13039\/501100011033 and by the European Union-NextGenerationEU\/PRTR.","og_url":"https:\/\/solute.es\/es\/aquilon_ai_weather_forecasts\/","og_site_name":"SOLUTE","article_modified_time":"2026-03-17T11:48:15+00:00","og_image":[{"width":2360,"height":1144,"url":"https:\/\/solute.es\/wp-content\/uploads\/2025\/10\/isologo-AVISDETv1.3_fondo-blanco_SIN-FONDO.png","type":"image\/png"}],"twitter_card":"summary_large_image","twitter_misc":{"Tiempo de lectura":"1 minuto"},"schema":{"@context":"https:\/\/schema.org","@graph":[{"@type":"WebPage","@id":"https:\/\/solute.es\/aquilon_ai_weather_forecasts\/","url":"https:\/\/solute.es\/aquilon_ai_weather_forecasts\/","name":"Aquilon | SOLUTE","isPartOf":{"@id":"https:\/\/solute.es\/#website"},"primaryImageOfPage":{"@id":"https:\/\/solute.es\/aquilon_ai_weather_forecasts\/#primaryimage"},"image":{"@id":"https:\/\/solute.es\/aquilon_ai_weather_forecasts\/#primaryimage"},"thumbnailUrl":"https:\/\/solute.es\/wp-content\/uploads\/2025\/10\/isologo-AVISDETv1.3_fondo-blanco_SIN-FONDO.png","datePublished":"2026-03-17T11:44:45+00:00","dateModified":"2026-03-17T11:48:15+00:00","breadcrumb":{"@id":"https:\/\/solute.es\/aquilon_ai_weather_forecasts\/#breadcrumb"},"inLanguage":"es","potentialAction":[{"@type":"ReadAction","target":["https:\/\/solute.es\/aquilon_ai_weather_forecasts\/"]}]},{"@type":"ImageObject","inLanguage":"es","@id":"https:\/\/solute.es\/aquilon_ai_weather_forecasts\/#primaryimage","url":"https:\/\/solute.es\/wp-content\/uploads\/2025\/10\/isologo-AVISDETv1.3_fondo-blanco_SIN-FONDO.png","contentUrl":"https:\/\/solute.es\/wp-content\/uploads\/2025\/10\/isologo-AVISDETv1.3_fondo-blanco_SIN-FONDO.png","width":2360,"height":1144},{"@type":"BreadcrumbList","@id":"https:\/\/solute.es\/aquilon_ai_weather_forecasts\/#breadcrumb","itemListElement":[{"@type":"ListItem","position":1,"name":"Home","item":"https:\/\/solute.es\/"},{"@type":"ListItem","position":2,"name":"Aquilon"}]},{"@type":"WebSite","@id":"https:\/\/solute.es\/#website","url":"https:\/\/solute.es\/","name":"SUSTANCIA DISOLUTA","description":"Consultor\u00eda de ingenier\u00eda multidisciplinar","publisher":{"@id":"https:\/\/solute.es\/#organization"},"potentialAction":[{"@type":"SearchAction","target":{"@type":"EntryPoint","urlTemplate":"https:\/\/solute.es\/?s={search_term_string}"},"query-input":{"@type":"PropertyValueSpecification","valueRequired":true,"valueName":"search_term_string"}}],"inLanguage":"es"},{"@type":"Organization","@id":"https:\/\/solute.es\/#organization","name":"SUSTANCIA DISOLUTA","url":"https:\/\/solute.es\/","logo":{"@type":"ImageObject","inLanguage":"es","@id":"https:\/\/solute.es\/#\/schema\/logo\/image\/","url":"https:\/\/solute.es\/wp-content\/uploads\/2024\/01\/SOLUTE_Engineering_350x100px.png","contentUrl":"https:\/\/solute.es\/wp-content\/uploads\/2024\/01\/SOLUTE_Engineering_350x100px.png","width":350,"height":100,"caption":"SOLUTE"},"image":{"@id":"https:\/\/solute.es\/#\/schema\/logo\/image\/"}}]}},"_links":{"self":[{"href":"https:\/\/solute.es\/es\/wp-json\/wp\/v2\/pages\/7260","targetHints":{"allow":["GET"]}}],"collection":[{"href":"https:\/\/solute.es\/es\/wp-json\/wp\/v2\/pages"}],"about":[{"href":"https:\/\/solute.es\/es\/wp-json\/wp\/v2\/types\/page"}],"author":[{"embeddable":true,"href":"https:\/\/solute.es\/es\/wp-json\/wp\/v2\/users\/4"}],"replies":[{"embeddable":true,"href":"https:\/\/solute.es\/es\/wp-json\/wp\/v2\/comments?post=7260"}],"version-history":[{"count":7,"href":"https:\/\/solute.es\/es\/wp-json\/wp\/v2\/pages\/7260\/revisions"}],"predecessor-version":[{"id":7269,"href":"https:\/\/solute.es\/es\/wp-json\/wp\/v2\/pages\/7260\/revisions\/7269"}],"wp:featuredmedia":[{"embeddable":true,"href":"https:\/\/solute.es\/es\/wp-json\/wp\/v2\/media\/6859"}],"wp:attachment":[{"href":"https:\/\/solute.es\/es\/wp-json\/wp\/v2\/media?parent=7260"}],"curies":[{"name":"wp","href":"https:\/\/api.w.org\/{rel}","templated":true}]}}