{"id":6860,"date":"2025-10-02T15:54:24","date_gmt":"2025-10-02T13:54:24","guid":{"rendered":"https:\/\/solute.es\/?page_id=6860"},"modified":"2026-01-30T09:02:24","modified_gmt":"2026-01-30T08:02:24","slug":"avisdet_bird-ia","status":"publish","type":"page","link":"https:\/\/solute.es\/es\/avisdet_bird-ia\/","title":{"rendered":"Avisdet (Bird-IA)"},"content":{"rendered":"<div data-elementor-type=\"wp-page\" data-elementor-id=\"6860\" class=\"elementor elementor-6860\" data-elementor-post-type=\"page\">\n\t\t\t\t<div class=\"elementor-element elementor-element-3b4f77e e-flex e-con-boxed e-con e-parent\" data-id=\"3b4f77e\" data-element_type=\"container\" data-settings=\"{&quot;background_background&quot;:&quot;classic&quot;}\">\n\t\t\t\t\t<div class=\"e-con-inner\">\n\t\t<div class=\"elementor-element elementor-element-c51d9f0 e-con-full e-flex e-con e-child\" data-id=\"c51d9f0\" data-element_type=\"container\">\n\t\t\t\t<div class=\"elementor-element elementor-element-7039bd1 elementor-invisible elementor-widget elementor-widget-heading\" data-id=\"7039bd1\" data-element_type=\"widget\" data-settings=\"{&quot;_animation&quot;:&quot;fadeInUp&quot;,&quot;_animation_delay&quot;:200}\" data-widget_type=\"heading.default\">\n\t\t\t\t<div class=\"elementor-widget-container\">\n\t\t\t\t\t<div class=\"elementor-heading-title elementor-size-default\">Avisdet | Bird-IA<\/div>\t\t\t\t<\/div>\n\t\t\t\t<\/div>\n\t\t\t\t<\/div>\n\t\t\t\t\t<\/div>\n\t\t\t\t<\/div>\n\t\t<div class=\"elementor-element elementor-element-a167352 e-flex e-con-boxed e-con e-parent\" data-id=\"a167352\" data-element_type=\"container\">\n\t\t\t\t\t<div class=\"e-con-inner\">\n\t\t\t\t<div class=\"elementor-element elementor-element-fe0373f elementor-widget elementor-widget-image\" data-id=\"fe0373f\" data-element_type=\"widget\" data-widget_type=\"image.default\">\n\t\t\t\t<div class=\"elementor-widget-container\">\n\t\t\t\t\t\t\t\t\t\t\t\t\t\t\t<img fetchpriority=\"high\" decoding=\"async\" width=\"1781\" height=\"190\" src=\"https:\/\/solute.es\/wp-content\/uploads\/2025\/10\/Logos_Avisdet_Bird_Detection.png\" class=\"attachment-full size-full wp-image-6862\" alt=\"\" srcset=\"https:\/\/solute.es\/wp-content\/uploads\/2025\/10\/Logos_Avisdet_Bird_Detection.png 1781w, https:\/\/solute.es\/wp-content\/uploads\/2025\/10\/Logos_Avisdet_Bird_Detection-500x53.png 500w, https:\/\/solute.es\/wp-content\/uploads\/2025\/10\/Logos_Avisdet_Bird_Detection-768x82.png 768w, https:\/\/solute.es\/wp-content\/uploads\/2025\/10\/Logos_Avisdet_Bird_Detection-1536x164.png 1536w, https:\/\/solute.es\/wp-content\/uploads\/2025\/10\/Logos_Avisdet_Bird_Detection-18x2.png 18w\" sizes=\"(max-width: 1781px) 100vw, 1781px\" \/>\t\t\t\t\t\t\t\t\t\t\t\t\t\t\t<\/div>\n\t\t\t\t<\/div>\n\t\t\t\t<div class=\"elementor-element elementor-element-bb29731 elementor-widget elementor-widget-image\" data-id=\"bb29731\" data-element_type=\"widget\" data-widget_type=\"image.default\">\n\t\t\t\t<div class=\"elementor-widget-container\">\n\t\t\t\t\t\t\t\t\t\t\t\t\t\t\t<img decoding=\"async\" width=\"800\" height=\"388\" src=\"https:\/\/solute.es\/wp-content\/uploads\/2025\/10\/isologo-AVISDETv1.3C_logotipo-azul-avion_fondo-oscuro_SIN-FONDO-2048x993.png\" class=\"attachment-large size-large wp-image-6907\" alt=\"\" srcset=\"https:\/\/solute.es\/wp-content\/uploads\/2025\/10\/isologo-AVISDETv1.3C_logotipo-azul-avion_fondo-oscuro_SIN-FONDO-2048x993.png 2048w, https:\/\/solute.es\/wp-content\/uploads\/2025\/10\/isologo-AVISDETv1.3C_logotipo-azul-avion_fondo-oscuro_SIN-FONDO-500x242.png 500w, https:\/\/solute.es\/wp-content\/uploads\/2025\/10\/isologo-AVISDETv1.3C_logotipo-azul-avion_fondo-oscuro_SIN-FONDO-768x372.png 768w, https:\/\/solute.es\/wp-content\/uploads\/2025\/10\/isologo-AVISDETv1.3C_logotipo-azul-avion_fondo-oscuro_SIN-FONDO-1536x745.png 1536w, https:\/\/solute.es\/wp-content\/uploads\/2025\/10\/isologo-AVISDETv1.3C_logotipo-azul-avion_fondo-oscuro_SIN-FONDO-18x9.png 18w\" sizes=\"(max-width: 800px) 100vw, 800px\" \/>\t\t\t\t\t\t\t\t\t\t\t\t\t\t\t<\/div>\n\t\t\t\t<\/div>\n\t\t\t\t<div class=\"elementor-element elementor-element-49b1c08 elementor-widget elementor-widget-text-editor\" data-id=\"49b1c08\" data-element_type=\"widget\" data-widget_type=\"text-editor.default\">\n\t\t\t\t<div class=\"elementor-widget-container\">\n\t\t\t\t\t\t\t\t\t<p data-start=\"0\" data-end=\"73\"><strong>INVESTIGACI\u00d3N EN SISTEMAS EFICACES DE DETECCI\u00d3N Y PROTECCI\u00d3N DE AVES EN PARQUES E\u00d3LICOS<\/strong><\/p><div class=\"text-base my-auto mx-auto pb-10 [--thread-content-margin:--spacing(4)] @w-sm\/main:[--thread-content-margin:--spacing(6)] @w-lg\/main:[--thread-content-margin:--spacing(16)] px-(--thread-content-margin)\"><div class=\"[--thread-content-max-width:40rem] @w-lg\/main:[--thread-content-max-width:48rem] mx-auto max-w-(--thread-content-max-width) flex-1 group\/turn-messages focus-visible:outline-hidden relative flex w-full min-w-0 flex-col agent-turn\" tabindex=\"-1\"><div class=\"flex max-w-full flex-col grow\"><div class=\"min-h-8 text-message relative flex w-full flex-col items-end gap-2 text-start break-words whitespace-normal [.text-message+&amp;]:mt-1\" dir=\"auto\" data-message-author-role=\"assistant\" data-message-id=\"2c9ee6cf-aec8-490b-a03a-d9826980fac4\" data-message-model-slug=\"gpt-5-2\"><div class=\"flex w-full flex-col gap-1 empty:hidden first:pt-[1px]\"><div class=\"markdown prose dark:prose-invert w-full break-words light markdown-new-styling\"><p data-start=\"0\" data-end=\"255\"><strong data-start=\"0\" data-end=\"16\">Descripci\u00f3n:<\/strong> Proyecto de investigaci\u00f3n orientado a la protecci\u00f3n de la avifauna en parques e\u00f3licos mediante el uso de visi\u00f3n artificial e inteligencia artificial, con el fin de mejorar la compatibilidad entre la generaci\u00f3n de energ\u00eda e\u00f3lica y la conservaci\u00f3n de la biodiversidad.<\/p><p data-start=\"257\" data-end=\"533\"><strong data-start=\"257\" data-end=\"272\">Objetivos:<\/strong> Investigar y desarrollar un sistema eficaz para la detecci\u00f3n, identificaci\u00f3n y seguimiento de avifauna en parques e\u00f3licos, capaz de activar estrategias de disuasi\u00f3n o parada de emergencia con el fin de reducir la mortalidad de aves por colisi\u00f3n con aerogeneradores.<\/p><p data-start=\"535\" data-end=\"820\" data-is-last-node=\"\" data-is-only-node=\"\"><strong data-start=\"535\" data-end=\"547\">Resultados:<\/strong> Obtenci\u00f3n del conocimiento tecnol\u00f3gico y las bases t\u00e9cnicas necesarias para el desarrollo de una soluci\u00f3n avanzada de protecci\u00f3n de avifauna en parques e\u00f3licos, que supere las limitaciones de las alternativas actualmente disponibles y permita su futura implementaci\u00f3n industrial.<\/p><\/div><\/div><\/div><\/div><\/div><\/div><p data-start=\"75\" data-end=\"267\"><strong>Coste Total de la operaci\u00f3n:<\/strong>\u00a0<span data-teams=\"true\">186.403,00<\/span>\u20ac<\/p><p data-start=\"572\" data-end=\"607\" data-is-last-node=\"\" data-is-only-node=\"\"><strong>Ayuda Uni\u00f3n Europea:<\/strong>\u00a0158.442,55\u20ac<\/p>\t\t\t\t\t\t\t\t<\/div>\n\t\t\t\t<\/div>\n\t\t\t\t\t<\/div>\n\t\t\t\t<\/div>\n\t\t\t\t<\/div>","protected":false},"excerpt":{"rendered":"<p>Avisdet | Bird-IA RESEARCH ON EFFECTIVE BIRD DETECTION AND PROTECTION SYSTEMS IN WIND FARMS Description: Research project focused on the protection of avifauna in wind farms through the use of computer vision and artificial intelligence, with the aim of improving the compatibility between wind energy generation and biodiversity conservation. Objectives: To research and develop an [&hellip;]<\/p>","protected":false},"author":11,"featured_media":6859,"parent":0,"menu_order":0,"comment_status":"closed","ping_status":"closed","template":"elementor_header_footer","meta":{"footnotes":""},"class_list":["post-6860","page","type-page","status-publish","has-post-thumbnail","hentry"],"yoast_head":"<!-- This site is optimized with the Yoast SEO plugin v26.2 - https:\/\/yoast.com\/wordpress\/plugins\/seo\/ -->\n<title>Avisdet (Bird-IA) | SOLUTE<\/title>\n<meta name=\"robots\" content=\"index, follow, max-snippet:-1, max-image-preview:large, max-video-preview:-1\" \/>\n<link rel=\"canonical\" href=\"https:\/\/solute.es\/es\/avisdet_bird-ia\/\" \/>\n<meta property=\"og:locale\" content=\"es_ES\" \/>\n<meta property=\"og:type\" content=\"article\" \/>\n<meta property=\"og:title\" content=\"Avisdet (Bird-IA) | SOLUTE\" \/>\n<meta property=\"og:description\" content=\"Avisdet | Bird-IA RESEARCH ON EFFECTIVE BIRD DETECTION AND PROTECTION SYSTEMS IN WIND FARMS Description: Research project focused on the protection of avifauna in wind farms through the use of computer vision and artificial intelligence, with the aim of improving the compatibility between wind energy generation and biodiversity conservation. Objectives: To research and develop an [&hellip;]\" \/>\n<meta property=\"og:url\" content=\"https:\/\/solute.es\/es\/avisdet_bird-ia\/\" \/>\n<meta property=\"og:site_name\" content=\"SOLUTE\" \/>\n<meta property=\"article:modified_time\" content=\"2026-01-30T08:02:24+00:00\" \/>\n<meta property=\"og:image\" content=\"https:\/\/solute.es\/wp-content\/uploads\/2025\/10\/isologo-AVISDETv1.3_fondo-blanco_SIN-FONDO.png\" \/>\n\t<meta property=\"og:image:width\" content=\"2360\" \/>\n\t<meta property=\"og:image:height\" content=\"1144\" \/>\n\t<meta property=\"og:image:type\" content=\"image\/png\" \/>\n<meta name=\"twitter:card\" content=\"summary_large_image\" \/>\n<meta name=\"twitter:label1\" content=\"Tiempo de lectura\" \/>\n\t<meta name=\"twitter:data1\" content=\"1 minuto\" \/>\n<script type=\"application\/ld+json\" class=\"yoast-schema-graph\">{\"@context\":\"https:\/\/schema.org\",\"@graph\":[{\"@type\":\"WebPage\",\"@id\":\"https:\/\/solute.es\/avisdet_bird-ia\/\",\"url\":\"https:\/\/solute.es\/avisdet_bird-ia\/\",\"name\":\"Avisdet (Bird-IA) | SOLUTE\",\"isPartOf\":{\"@id\":\"https:\/\/solute.es\/#website\"},\"primaryImageOfPage\":{\"@id\":\"https:\/\/solute.es\/avisdet_bird-ia\/#primaryimage\"},\"image\":{\"@id\":\"https:\/\/solute.es\/avisdet_bird-ia\/#primaryimage\"},\"thumbnailUrl\":\"https:\/\/solute.es\/wp-content\/uploads\/2025\/10\/isologo-AVISDETv1.3_fondo-blanco_SIN-FONDO.png\",\"datePublished\":\"2025-10-02T13:54:24+00:00\",\"dateModified\":\"2026-01-30T08:02:24+00:00\",\"breadcrumb\":{\"@id\":\"https:\/\/solute.es\/avisdet_bird-ia\/#breadcrumb\"},\"inLanguage\":\"es\",\"potentialAction\":[{\"@type\":\"ReadAction\",\"target\":[\"https:\/\/solute.es\/avisdet_bird-ia\/\"]}]},{\"@type\":\"ImageObject\",\"inLanguage\":\"es\",\"@id\":\"https:\/\/solute.es\/avisdet_bird-ia\/#primaryimage\",\"url\":\"https:\/\/solute.es\/wp-content\/uploads\/2025\/10\/isologo-AVISDETv1.3_fondo-blanco_SIN-FONDO.png\",\"contentUrl\":\"https:\/\/solute.es\/wp-content\/uploads\/2025\/10\/isologo-AVISDETv1.3_fondo-blanco_SIN-FONDO.png\",\"width\":2360,\"height\":1144},{\"@type\":\"BreadcrumbList\",\"@id\":\"https:\/\/solute.es\/avisdet_bird-ia\/#breadcrumb\",\"itemListElement\":[{\"@type\":\"ListItem\",\"position\":1,\"name\":\"Home\",\"item\":\"https:\/\/solute.es\/\"},{\"@type\":\"ListItem\",\"position\":2,\"name\":\"Avisdet (Bird-IA)\"}]},{\"@type\":\"WebSite\",\"@id\":\"https:\/\/solute.es\/#website\",\"url\":\"https:\/\/solute.es\/\",\"name\":\"SOLUTE\",\"description\":\"Multidisciplinary engineering consultancy\",\"publisher\":{\"@id\":\"https:\/\/solute.es\/#organization\"},\"potentialAction\":[{\"@type\":\"SearchAction\",\"target\":{\"@type\":\"EntryPoint\",\"urlTemplate\":\"https:\/\/solute.es\/?s={search_term_string}\"},\"query-input\":{\"@type\":\"PropertyValueSpecification\",\"valueRequired\":true,\"valueName\":\"search_term_string\"}}],\"inLanguage\":\"es\"},{\"@type\":\"Organization\",\"@id\":\"https:\/\/solute.es\/#organization\",\"name\":\"SOLUTE\",\"url\":\"https:\/\/solute.es\/\",\"logo\":{\"@type\":\"ImageObject\",\"inLanguage\":\"es\",\"@id\":\"https:\/\/solute.es\/#\/schema\/logo\/image\/\",\"url\":\"https:\/\/solute.es\/wp-content\/uploads\/2024\/01\/SOLUTE_Engineering_350x100px.png\",\"contentUrl\":\"https:\/\/solute.es\/wp-content\/uploads\/2024\/01\/SOLUTE_Engineering_350x100px.png\",\"width\":350,\"height\":100,\"caption\":\"SOLUTE\"},\"image\":{\"@id\":\"https:\/\/solute.es\/#\/schema\/logo\/image\/\"}}]}<\/script>\n<!-- \/ Yoast SEO plugin. -->","yoast_head_json":{"title":"Avisdet (Bird-IA) | SOLUTE","robots":{"index":"index","follow":"follow","max-snippet":"max-snippet:-1","max-image-preview":"max-image-preview:large","max-video-preview":"max-video-preview:-1"},"canonical":"https:\/\/solute.es\/es\/avisdet_bird-ia\/","og_locale":"es_ES","og_type":"article","og_title":"Avisdet (Bird-IA) | SOLUTE","og_description":"Avisdet | Bird-IA RESEARCH ON EFFECTIVE BIRD DETECTION AND PROTECTION SYSTEMS IN WIND FARMS Description: Research project focused on the protection of avifauna in wind farms through the use of computer vision and artificial intelligence, with the aim of improving the compatibility between wind energy generation and biodiversity conservation. Objectives: To research and develop an [&hellip;]","og_url":"https:\/\/solute.es\/es\/avisdet_bird-ia\/","og_site_name":"SOLUTE","article_modified_time":"2026-01-30T08:02:24+00:00","og_image":[{"width":2360,"height":1144,"url":"https:\/\/solute.es\/wp-content\/uploads\/2025\/10\/isologo-AVISDETv1.3_fondo-blanco_SIN-FONDO.png","type":"image\/png"}],"twitter_card":"summary_large_image","twitter_misc":{"Tiempo de lectura":"1 minuto"},"schema":{"@context":"https:\/\/schema.org","@graph":[{"@type":"WebPage","@id":"https:\/\/solute.es\/avisdet_bird-ia\/","url":"https:\/\/solute.es\/avisdet_bird-ia\/","name":"Avisdet (Bird-IA) | SOLUTE","isPartOf":{"@id":"https:\/\/solute.es\/#website"},"primaryImageOfPage":{"@id":"https:\/\/solute.es\/avisdet_bird-ia\/#primaryimage"},"image":{"@id":"https:\/\/solute.es\/avisdet_bird-ia\/#primaryimage"},"thumbnailUrl":"https:\/\/solute.es\/wp-content\/uploads\/2025\/10\/isologo-AVISDETv1.3_fondo-blanco_SIN-FONDO.png","datePublished":"2025-10-02T13:54:24+00:00","dateModified":"2026-01-30T08:02:24+00:00","breadcrumb":{"@id":"https:\/\/solute.es\/avisdet_bird-ia\/#breadcrumb"},"inLanguage":"es","potentialAction":[{"@type":"ReadAction","target":["https:\/\/solute.es\/avisdet_bird-ia\/"]}]},{"@type":"ImageObject","inLanguage":"es","@id":"https:\/\/solute.es\/avisdet_bird-ia\/#primaryimage","url":"https:\/\/solute.es\/wp-content\/uploads\/2025\/10\/isologo-AVISDETv1.3_fondo-blanco_SIN-FONDO.png","contentUrl":"https:\/\/solute.es\/wp-content\/uploads\/2025\/10\/isologo-AVISDETv1.3_fondo-blanco_SIN-FONDO.png","width":2360,"height":1144},{"@type":"BreadcrumbList","@id":"https:\/\/solute.es\/avisdet_bird-ia\/#breadcrumb","itemListElement":[{"@type":"ListItem","position":1,"name":"Home","item":"https:\/\/solute.es\/"},{"@type":"ListItem","position":2,"name":"Avisdet (Bird-IA)"}]},{"@type":"WebSite","@id":"https:\/\/solute.es\/#website","url":"https:\/\/solute.es\/","name":"SUSTANCIA DISOLUTA","description":"Consultor\u00eda de ingenier\u00eda multidisciplinar","publisher":{"@id":"https:\/\/solute.es\/#organization"},"potentialAction":[{"@type":"SearchAction","target":{"@type":"EntryPoint","urlTemplate":"https:\/\/solute.es\/?s={search_term_string}"},"query-input":{"@type":"PropertyValueSpecification","valueRequired":true,"valueName":"search_term_string"}}],"inLanguage":"es"},{"@type":"Organization","@id":"https:\/\/solute.es\/#organization","name":"SUSTANCIA DISOLUTA","url":"https:\/\/solute.es\/","logo":{"@type":"ImageObject","inLanguage":"es","@id":"https:\/\/solute.es\/#\/schema\/logo\/image\/","url":"https:\/\/solute.es\/wp-content\/uploads\/2024\/01\/SOLUTE_Engineering_350x100px.png","contentUrl":"https:\/\/solute.es\/wp-content\/uploads\/2024\/01\/SOLUTE_Engineering_350x100px.png","width":350,"height":100,"caption":"SOLUTE"},"image":{"@id":"https:\/\/solute.es\/#\/schema\/logo\/image\/"}}]}},"_links":{"self":[{"href":"https:\/\/solute.es\/es\/wp-json\/wp\/v2\/pages\/6860","targetHints":{"allow":["GET"]}}],"collection":[{"href":"https:\/\/solute.es\/es\/wp-json\/wp\/v2\/pages"}],"about":[{"href":"https:\/\/solute.es\/es\/wp-json\/wp\/v2\/types\/page"}],"author":[{"embeddable":true,"href":"https:\/\/solute.es\/es\/wp-json\/wp\/v2\/users\/11"}],"replies":[{"embeddable":true,"href":"https:\/\/solute.es\/es\/wp-json\/wp\/v2\/comments?post=6860"}],"version-history":[{"count":22,"href":"https:\/\/solute.es\/es\/wp-json\/wp\/v2\/pages\/6860\/revisions"}],"predecessor-version":[{"id":7208,"href":"https:\/\/solute.es\/es\/wp-json\/wp\/v2\/pages\/6860\/revisions\/7208"}],"wp:featuredmedia":[{"embeddable":true,"href":"https:\/\/solute.es\/es\/wp-json\/wp\/v2\/media\/6859"}],"wp:attachment":[{"href":"https:\/\/solute.es\/es\/wp-json\/wp\/v2\/media?parent=6860"}],"curies":[{"name":"wp","href":"https:\/\/api.w.org\/{rel}","templated":true}]}}