{"id":5245,"date":"2024-06-13T16:21:03","date_gmt":"2024-06-13T14:21:03","guid":{"rendered":"https:\/\/solute.es\/?page_id=5245"},"modified":"2024-06-13T17:11:09","modified_gmt":"2024-06-13T15:11:09","slug":"kit-digital","status":"publish","type":"page","link":"https:\/\/solute.es\/es\/kit-digital\/","title":{"rendered":"Equipo Digital"},"content":{"rendered":"<div data-elementor-type=\"wp-page\" data-elementor-id=\"5245\" class=\"elementor elementor-5245\" data-elementor-post-type=\"page\">\n\t\t\t\t<div class=\"elementor-element elementor-element-3b4f77e e-flex e-con-boxed e-con e-parent\" data-id=\"3b4f77e\" data-element_type=\"container\" data-settings=\"{&quot;background_background&quot;:&quot;classic&quot;}\">\n\t\t\t\t\t<div class=\"e-con-inner\">\n\t\t<div class=\"elementor-element elementor-element-c51d9f0 e-con-full e-flex e-con e-child\" data-id=\"c51d9f0\" data-element_type=\"container\">\n\t\t\t\t<div class=\"elementor-element elementor-element-7039bd1 elementor-invisible elementor-widget elementor-widget-heading\" data-id=\"7039bd1\" data-element_type=\"widget\" data-settings=\"{&quot;_animation&quot;:&quot;fadeInUp&quot;,&quot;_animation_delay&quot;:200}\" data-widget_type=\"heading.default\">\n\t\t\t\t<div class=\"elementor-widget-container\">\n\t\t\t\t\t<div class=\"elementor-heading-title elementor-size-default\">Equipo Digital<\/div>\t\t\t\t<\/div>\n\t\t\t\t<\/div>\n\t\t\t\t<\/div>\n\t\t\t\t\t<\/div>\n\t\t\t\t<\/div>\n\t\t<div class=\"elementor-element elementor-element-a167352 e-flex e-con-boxed e-con e-parent\" data-id=\"a167352\" data-element_type=\"container\">\n\t\t\t\t\t<div class=\"e-con-inner\">\n\t\t\t\t<div class=\"elementor-element elementor-element-fe0373f elementor-widget elementor-widget-image\" data-id=\"fe0373f\" data-element_type=\"widget\" data-widget_type=\"image.default\">\n\t\t\t\t<div class=\"elementor-widget-container\">\n\t\t\t\t\t\t\t\t\t\t\t\t\t\t\t<img fetchpriority=\"high\" decoding=\"async\" width=\"1600\" height=\"98\" src=\"https:\/\/solute.es\/wp-content\/uploads\/2024\/06\/Banner_Kit_Digital.png\" class=\"attachment-full size-full wp-image-5253\" alt=\"\" srcset=\"https:\/\/solute.es\/wp-content\/uploads\/2024\/06\/Banner_Kit_Digital.png 1600w, https:\/\/solute.es\/wp-content\/uploads\/2024\/06\/Banner_Kit_Digital-500x31.png 500w, https:\/\/solute.es\/wp-content\/uploads\/2024\/06\/Banner_Kit_Digital-768x47.png 768w, https:\/\/solute.es\/wp-content\/uploads\/2024\/06\/Banner_Kit_Digital-1536x94.png 1536w, https:\/\/solute.es\/wp-content\/uploads\/2024\/06\/Banner_Kit_Digital-18x1.png 18w\" sizes=\"(max-width: 1600px) 100vw, 1600px\" \/>\t\t\t\t\t\t\t\t\t\t\t\t\t\t\t<\/div>\n\t\t\t\t<\/div>\n\t\t\t\t<div class=\"elementor-element elementor-element-49b1c08 elementor-widget elementor-widget-text-editor\" data-id=\"49b1c08\" data-element_type=\"widget\" data-widget_type=\"text-editor.default\">\n\t\t\t\t<div class=\"elementor-widget-container\">\n\t\t\t\t\t\t\t\t\t<p>SOLUTE se encuentra registrado como Agente Digitalizador asociado al Programa Kit Digital. Gracias a los fondos europeos \u201cNext Generation EU\u201d dentro del Plan de Recuperaci\u00f3n, Transformaci\u00f3n y Resiliciencia, ofrece servicios de digitalizaci\u00f3n a sus clientes.<\/p><p>SOLUTE est\u00e1 dada de alta en varias categor\u00edas del Kit Digital:<\/p>\t\t\t\t\t\t\t\t<\/div>\n\t\t\t\t<\/div>\n\t\t<div class=\"elementor-element elementor-element-71e4530 e-flex e-con-boxed e-con e-child\" data-id=\"71e4530\" data-element_type=\"container\">\n\t\t\t\t\t<div class=\"e-con-inner\">\n\t\t<div class=\"elementor-element elementor-element-d54c7fe e-flex e-con-boxed e-con e-child\" data-id=\"d54c7fe\" data-element_type=\"container\">\n\t\t\t\t\t<div class=\"e-con-inner\">\n\t\t\t\t<div class=\"elementor-element elementor-element-7d7ab1b elementor-widget elementor-widget-image\" data-id=\"7d7ab1b\" data-element_type=\"widget\" data-widget_type=\"image.default\">\n\t\t\t\t<div class=\"elementor-widget-container\">\n\t\t\t\t\t\t\t\t\t\t\t\t\t\t\t<img decoding=\"async\" src=\"https:\/\/solute.es\/wp-content\/uploads\/elementor\/thumbs\/Kit_Digital_Gestion_de_procesos-qplr9s66rpz1iym809zijsa5zm2uvm8dzvpmaabg5k.jpg\" title=\"Kit_Gesti\u00f3n_Digital_de_procesos\" alt=\"Kit_Digital_Gesti\u00f3n_de_procesos\" loading=\"lazy\" \/>\t\t\t\t\t\t\t\t\t\t\t\t\t\t\t<\/div>\n\t\t\t\t<\/div>\n\t\t<div class=\"elementor-element elementor-element-51244bf e-flex e-con-boxed e-con e-child\" data-id=\"51244bf\" data-element_type=\"container\">\n\t\t\t\t\t<div class=\"e-con-inner\">\n\t\t\t\t<div class=\"elementor-element elementor-element-b5a0653 elementor-widget elementor-widget-text-editor\" data-id=\"b5a0653\" data-element_type=\"widget\" data-widget_type=\"text-editor.default\">\n\t\t\t\t<div class=\"elementor-widget-container\">\n\t\t\t\t\t\t\t\t\t<p>CATEGOR\u00cdA: Gesti\u00f3n de procesos<\/p>\t\t\t\t\t\t\t\t<\/div>\n\t\t\t\t<\/div>\n\t\t\t\t<div class=\"elementor-element elementor-element-46a4e34 elementor-widget elementor-widget-text-editor\" data-id=\"46a4e34\" data-element_type=\"widget\" data-widget_type=\"text-editor.default\">\n\t\t\t\t<div class=\"elementor-widget-container\">\n\t\t\t\t\t\t\t\t\t<p>Recorridos virtuales por entornos reales, con contenido interactivo orientado a formaci\u00f3n y como herramienta de ventas.<\/p><ul><li>Recorrido completo en el interior de establecimientos.<\/li><li>Mapa de la estancia para un desplazamiento r\u00e1pido<\/li><li>Contenido multimedia interactivo (v\u00eddeos, audio, documentos)<\/li><li>Opciones de reserva automatizada y gesti\u00f3n de espacios.<\/li><li>Escalable, actualizable e integrable con otras plataformas<\/li><\/ul>\t\t\t\t\t\t\t\t<\/div>\n\t\t\t\t<\/div>\n\t\t\t\t<div class=\"elementor-element elementor-element-e020b77 elementor-widget elementor-widget-text-editor\" data-id=\"e020b77\" data-element_type=\"widget\" data-widget_type=\"text-editor.default\">\n\t\t\t\t<div class=\"elementor-widget-container\">\n\t\t\t\t\t\t\t\t\t<p><strong>Precio<\/strong>: desde 2000\u20ac<\/p>\t\t\t\t\t\t\t\t<\/div>\n\t\t\t\t<\/div>\n\t\t\t\t\t<\/div>\n\t\t\t\t<\/div>\n\t\t\t\t\t<\/div>\n\t\t\t\t<\/div>\n\t\t<div class=\"elementor-element elementor-element-570a2d1 e-flex e-con-boxed e-con e-child\" data-id=\"570a2d1\" data-element_type=\"container\">\n\t\t\t\t\t<div class=\"e-con-inner\">\n\t\t\t\t<div class=\"elementor-element elementor-element-5064497 elementor-widget elementor-widget-image\" data-id=\"5064497\" data-element_type=\"widget\" data-widget_type=\"image.default\">\n\t\t\t\t<div class=\"elementor-widget-container\">\n\t\t\t\t\t\t\t\t\t\t\t\t\t\t\t<img decoding=\"async\" src=\"https:\/\/solute.es\/wp-content\/uploads\/elementor\/thumbs\/Kit_Digital_comercio_electronico-qplsbye8bi890v633s02t5i2gxxhh3rykthhwtpvgo.jpg\" title=\"Kit_comercio_digital_electr\u00f3nico\" alt=\"Kit_Digital_comercio_electronico\" loading=\"lazy\" \/>\t\t\t\t\t\t\t\t\t\t\t\t\t\t\t<\/div>\n\t\t\t\t<\/div>\n\t\t<div class=\"elementor-element elementor-element-d340f7a e-flex e-con-boxed e-con e-child\" data-id=\"d340f7a\" data-element_type=\"container\">\n\t\t\t\t\t<div class=\"e-con-inner\">\n\t\t\t\t<div class=\"elementor-element elementor-element-485b779 elementor-widget elementor-widget-text-editor\" data-id=\"485b779\" data-element_type=\"widget\" data-widget_type=\"text-editor.default\">\n\t\t\t\t<div class=\"elementor-widget-container\">\n\t\t\t\t\t\t\t\t\t<p>CATEGOR\u00cdA: Comercio electr\u00f3nico<\/p>\t\t\t\t\t\t\t\t<\/div>\n\t\t\t\t<\/div>\n\t\t\t\t<div class=\"elementor-element elementor-element-5d1a538 elementor-widget elementor-widget-text-editor\" data-id=\"5d1a538\" data-element_type=\"widget\" data-widget_type=\"text-editor.default\">\n\t\t\t\t<div class=\"elementor-widget-container\">\n\t\t\t\t\t\t\t\t\t<p>Ayudamos a las PYMES a crear y optimizar plataformas de comercio en l\u00ednea, mejorando su capacidad de venta y alcance en el mercado digital.<\/p><ul><li>Creaci\u00f3n y dise\u00f1o de una tienda online personalizada.<\/li><li>Configuraci\u00f3n de m\u00e9todos de pago y env\u00edo.<\/li><li>Integraci\u00f3n con plataformas de gesti\u00f3n y marketing.<\/li><li>Gesti\u00f3n de inventarios y existencias.<\/li><\/ul>\t\t\t\t\t\t\t\t<\/div>\n\t\t\t\t<\/div>\n\t\t\t\t<div class=\"elementor-element elementor-element-bbf1195 elementor-widget elementor-widget-text-editor\" data-id=\"bbf1195\" data-element_type=\"widget\" data-widget_type=\"text-editor.default\">\n\t\t\t\t<div class=\"elementor-widget-container\">\n\t\t\t\t\t\t\t\t\t<p><strong>Precio<\/strong>: desde 2000\u20ac<\/p>\t\t\t\t\t\t\t\t<\/div>\n\t\t\t\t<\/div>\n\t\t\t\t\t<\/div>\n\t\t\t\t<\/div>\n\t\t\t\t\t<\/div>\n\t\t\t\t<\/div>\n\t\t<div class=\"elementor-element elementor-element-9b0a0ff e-flex e-con-boxed e-con e-child\" data-id=\"9b0a0ff\" data-element_type=\"container\">\n\t\t\t\t\t<div class=\"e-con-inner\">\n\t\t\t\t<div class=\"elementor-element elementor-element-39c6a64 elementor-widget elementor-widget-image\" data-id=\"39c6a64\" data-element_type=\"widget\" data-widget_type=\"image.default\">\n\t\t\t\t<div class=\"elementor-widget-container\">\n\t\t\t\t\t\t\t\t\t\t\t\t\t\t\t<img decoding=\"async\" src=\"https:\/\/solute.es\/wp-content\/uploads\/elementor\/thumbs\/Kit_Digital_Sitio_web-qplr9llbfvq19ovs2p54kbxxtwzadqi9mz57xcl7d4.jpg\" title=\"Kit_Digital_Sitio_web\" alt=\"Kit_Digital_Sitio_web\" loading=\"lazy\" \/>\t\t\t\t\t\t\t\t\t\t\t\t\t\t\t<\/div>\n\t\t\t\t<\/div>\n\t\t<div class=\"elementor-element elementor-element-8420764 e-flex e-con-boxed e-con e-child\" data-id=\"8420764\" data-element_type=\"container\">\n\t\t\t\t\t<div class=\"e-con-inner\">\n\t\t\t\t<div class=\"elementor-element elementor-element-209f893 elementor-widget elementor-widget-text-editor\" data-id=\"209f893\" data-element_type=\"widget\" data-widget_type=\"text-editor.default\">\n\t\t\t\t<div class=\"elementor-widget-container\">\n\t\t\t\t\t\t\t\t\t<p>CATEGOR\u00cdA: Sitio web y presencia en internet<\/p>\t\t\t\t\t\t\t\t<\/div>\n\t\t\t\t<\/div>\n\t\t\t\t<div class=\"elementor-element elementor-element-04681d4 elementor-widget elementor-widget-text-editor\" data-id=\"04681d4\" data-element_type=\"widget\" data-widget_type=\"text-editor.default\">\n\t\t\t\t<div class=\"elementor-widget-container\">\n\t\t\t\t\t\t\t\t\t<p>Creamos tu portal en internet para dar a conocer tu negocio y expandir tu cartera de clientes al hacer m\u00e1s visibles tus servicios.<\/p><ul><li>Dise\u00f1o, creaci\u00f3n y mantenimiento de p\u00e1ginas web.<\/li><li>Gesti\u00f3n y mejoras de SEO<\/li><li>Gesti\u00f3n simplificada de contenidos<\/li><\/ul>\t\t\t\t\t\t\t\t<\/div>\n\t\t\t\t<\/div>\n\t\t\t\t<div class=\"elementor-element elementor-element-034d324 elementor-widget elementor-widget-text-editor\" data-id=\"034d324\" data-element_type=\"widget\" data-widget_type=\"text-editor.default\">\n\t\t\t\t<div class=\"elementor-widget-container\">\n\t\t\t\t\t\t\t\t\t<p><strong>Precio<\/strong>: desde 500\u20ac<\/p>\t\t\t\t\t\t\t\t<\/div>\n\t\t\t\t<\/div>\n\t\t\t\t\t<\/div>\n\t\t\t\t<\/div>\n\t\t\t\t\t<\/div>\n\t\t\t\t<\/div>\n\t\t<div class=\"elementor-element elementor-element-a3357e9 e-flex e-con-boxed e-con e-child\" data-id=\"a3357e9\" data-element_type=\"container\">\n\t\t\t\t\t<div class=\"e-con-inner\">\n\t\t\t\t<div class=\"elementor-element elementor-element-4247401 elementor-widget elementor-widget-image\" data-id=\"4247401\" data-element_type=\"widget\" data-widget_type=\"image.default\">\n\t\t\t\t<div class=\"elementor-widget-container\">\n\t\t\t\t\t\t\t\t\t\t\t\t\t\t\t<img decoding=\"async\" src=\"https:\/\/solute.es\/wp-content\/uploads\/elementor\/thumbs\/Kit_Digital_Business_Intelligence-qplra0mqh8amfg9xmvn5o85bc2x5sw5z11kzlrywlk.jpg\" title=\"Kit_Inteligencia_Digital_Negocios\" alt=\"Kit_Digital_Business_Intelligence\" loading=\"lazy\" \/>\t\t\t\t\t\t\t\t\t\t\t\t\t\t\t<\/div>\n\t\t\t\t<\/div>\n\t\t<div class=\"elementor-element elementor-element-b9caceb e-flex e-con-boxed e-con e-child\" data-id=\"b9caceb\" data-element_type=\"container\">\n\t\t\t\t\t<div class=\"e-con-inner\">\n\t\t\t\t<div class=\"elementor-element elementor-element-eca74a2 elementor-widget elementor-widget-text-editor\" data-id=\"eca74a2\" data-element_type=\"widget\" data-widget_type=\"text-editor.default\">\n\t\t\t\t<div class=\"elementor-widget-container\">\n\t\t\t\t\t\t\t\t\t<p>CATEGOR\u00cdA: BI y anal\u00edtica<\/p>\t\t\t\t\t\t\t\t<\/div>\n\t\t\t\t<\/div>\n\t\t\t\t<div class=\"elementor-element elementor-element-5bc27a1 elementor-widget elementor-widget-text-editor\" data-id=\"5bc27a1\" data-element_type=\"widget\" data-widget_type=\"text-editor.default\">\n\t\t\t\t<div class=\"elementor-widget-container\">\n\t\t\t\t\t\t\t\t\t<p>Utiliza tus fuentes de datos para obtener informaci\u00f3n actualizada e interactiva sobre las m\u00e9tricas de tu negocio para mejorar la toma de decisiones.<\/p><ul><li>Integraci\u00f3n con diversas fuentes de datos<\/li><li>Visualizaci\u00f3n de estad\u00edsticas y gr\u00e1ficas.<\/li><li>Creaci\u00f3n de paneles estructurados y visuales.<\/li><li>Exportaci\u00f3n de datos y generaci\u00f3n de informes.<\/li><\/ul>\t\t\t\t\t\t\t\t<\/div>\n\t\t\t\t<\/div>\n\t\t\t\t<div class=\"elementor-element elementor-element-803f2c6 elementor-widget elementor-widget-text-editor\" data-id=\"803f2c6\" data-element_type=\"widget\" data-widget_type=\"text-editor.default\">\n\t\t\t\t<div class=\"elementor-widget-container\">\n\t\t\t\t\t\t\t\t\t<p><strong>Precio<\/strong>: desde 1500\u20ac<\/p>\t\t\t\t\t\t\t\t<\/div>\n\t\t\t\t<\/div>\n\t\t\t\t\t<\/div>\n\t\t\t\t<\/div>\n\t\t\t\t\t<\/div>\n\t\t\t\t<\/div>\n\t\t\t\t\t<\/div>\n\t\t\t\t<\/div>\n\t\t\t\t\t<\/div>\n\t\t\t\t<\/div>\n\t\t\t\t<\/div>","protected":false},"excerpt":{"rendered":"<p>Kit Digital SOLUTE se encuentra registrada como Agente Digitalizador asociado al Programa Kit Digital. Gracias a los fondos europeos \u201cNext Generation EU\u201d dentro del Plan de Recuperaci\u00f3n, Transformaci\u00f3n y Resiliciencia, ofrece servicios de digitalizaci\u00f3n a sus clientes. SOLUTE est\u00e1 dada de alta en varias categor\u00edas del Kit Digital: CATEGOR\u00cdA: Gesti\u00f3n de procesos Recorridos virtuales por [&hellip;]<\/p>","protected":false},"author":11,"featured_media":0,"parent":0,"menu_order":0,"comment_status":"closed","ping_status":"closed","template":"elementor_header_footer","meta":{"footnotes":""},"class_list":["post-5245","page","type-page","status-publish","hentry"],"yoast_head":"<!-- This site is optimized with the Yoast SEO plugin v26.2 - https:\/\/yoast.com\/wordpress\/plugins\/seo\/ -->\n<title>Kit Digital | SOLUTE<\/title>\n<meta name=\"robots\" content=\"index, follow, max-snippet:-1, max-image-preview:large, max-video-preview:-1\" \/>\n<link rel=\"canonical\" href=\"https:\/\/solute.es\/es\/kit-digital\/\" \/>\n<meta property=\"og:locale\" content=\"es_ES\" \/>\n<meta property=\"og:type\" content=\"article\" \/>\n<meta property=\"og:title\" content=\"Kit Digital | SOLUTE\" \/>\n<meta property=\"og:description\" content=\"Kit Digital SOLUTE se encuentra registrada como Agente Digitalizador asociado al Programa Kit Digital. Gracias a los fondos europeos \u201cNext Generation EU\u201d dentro del Plan de Recuperaci\u00f3n, Transformaci\u00f3n y Resiliciencia, ofrece servicios de digitalizaci\u00f3n a sus clientes. SOLUTE est\u00e1 dada de alta en varias categor\u00edas del Kit Digital: CATEGOR\u00cdA: Gesti\u00f3n de procesos Recorridos virtuales por [&hellip;]\" \/>\n<meta property=\"og:url\" content=\"https:\/\/solute.es\/es\/kit-digital\/\" \/>\n<meta property=\"og:site_name\" content=\"SOLUTE\" \/>\n<meta property=\"article:modified_time\" content=\"2024-06-13T15:11:09+00:00\" \/>\n<meta property=\"og:image\" content=\"https:\/\/solute.es\/wp-content\/uploads\/2024\/06\/Banner_Kit_Digital.png\" \/>\n<meta name=\"twitter:card\" content=\"summary_large_image\" \/>\n<meta name=\"twitter:label1\" content=\"Tiempo de lectura\" \/>\n\t<meta name=\"twitter:data1\" content=\"1 minuto\" \/>\n<script type=\"application\/ld+json\" class=\"yoast-schema-graph\">{\"@context\":\"https:\/\/schema.org\",\"@graph\":[{\"@type\":\"WebPage\",\"@id\":\"https:\/\/solute.es\/kit-digital\/\",\"url\":\"https:\/\/solute.es\/kit-digital\/\",\"name\":\"Kit Digital | SOLUTE\",\"isPartOf\":{\"@id\":\"https:\/\/solute.es\/#website\"},\"primaryImageOfPage\":{\"@id\":\"https:\/\/solute.es\/kit-digital\/#primaryimage\"},\"image\":{\"@id\":\"https:\/\/solute.es\/kit-digital\/#primaryimage\"},\"thumbnailUrl\":\"https:\/\/solute.es\/wp-content\/uploads\/2024\/06\/Banner_Kit_Digital.png\",\"datePublished\":\"2024-06-13T14:21:03+00:00\",\"dateModified\":\"2024-06-13T15:11:09+00:00\",\"breadcrumb\":{\"@id\":\"https:\/\/solute.es\/kit-digital\/#breadcrumb\"},\"inLanguage\":\"es\",\"potentialAction\":[{\"@type\":\"ReadAction\",\"target\":[\"https:\/\/solute.es\/kit-digital\/\"]}]},{\"@type\":\"ImageObject\",\"inLanguage\":\"es\",\"@id\":\"https:\/\/solute.es\/kit-digital\/#primaryimage\",\"url\":\"https:\/\/solute.es\/wp-content\/uploads\/2024\/06\/Banner_Kit_Digital.png\",\"contentUrl\":\"https:\/\/solute.es\/wp-content\/uploads\/2024\/06\/Banner_Kit_Digital.png\"},{\"@type\":\"BreadcrumbList\",\"@id\":\"https:\/\/solute.es\/kit-digital\/#breadcrumb\",\"itemListElement\":[{\"@type\":\"ListItem\",\"position\":1,\"name\":\"Home\",\"item\":\"https:\/\/solute.es\/\"},{\"@type\":\"ListItem\",\"position\":2,\"name\":\"Kit Digital\"}]},{\"@type\":\"WebSite\",\"@id\":\"https:\/\/solute.es\/#website\",\"url\":\"https:\/\/solute.es\/\",\"name\":\"SOLUTE\",\"description\":\"Multidisciplinary engineering consultancy\",\"publisher\":{\"@id\":\"https:\/\/solute.es\/#organization\"},\"potentialAction\":[{\"@type\":\"SearchAction\",\"target\":{\"@type\":\"EntryPoint\",\"urlTemplate\":\"https:\/\/solute.es\/?s={search_term_string}\"},\"query-input\":{\"@type\":\"PropertyValueSpecification\",\"valueRequired\":true,\"valueName\":\"search_term_string\"}}],\"inLanguage\":\"es\"},{\"@type\":\"Organization\",\"@id\":\"https:\/\/solute.es\/#organization\",\"name\":\"SOLUTE\",\"url\":\"https:\/\/solute.es\/\",\"logo\":{\"@type\":\"ImageObject\",\"inLanguage\":\"es\",\"@id\":\"https:\/\/solute.es\/#\/schema\/logo\/image\/\",\"url\":\"https:\/\/solute.es\/wp-content\/uploads\/2024\/01\/SOLUTE_Engineering_350x100px.png\",\"contentUrl\":\"https:\/\/solute.es\/wp-content\/uploads\/2024\/01\/SOLUTE_Engineering_350x100px.png\",\"width\":350,\"height\":100,\"caption\":\"SOLUTE\"},\"image\":{\"@id\":\"https:\/\/solute.es\/#\/schema\/logo\/image\/\"}}]}<\/script>\n<!-- \/ Yoast SEO plugin. -->","yoast_head_json":{"title":"Kit Digital | SOLUTE","robots":{"index":"index","follow":"follow","max-snippet":"max-snippet:-1","max-image-preview":"max-image-preview:large","max-video-preview":"max-video-preview:-1"},"canonical":"https:\/\/solute.es\/es\/kit-digital\/","og_locale":"es_ES","og_type":"article","og_title":"Kit Digital | SOLUTE","og_description":"Kit Digital SOLUTE se encuentra registrada como Agente Digitalizador asociado al Programa Kit Digital. Gracias a los fondos europeos \u201cNext Generation EU\u201d dentro del Plan de Recuperaci\u00f3n, Transformaci\u00f3n y Resiliciencia, ofrece servicios de digitalizaci\u00f3n a sus clientes. SOLUTE est\u00e1 dada de alta en varias categor\u00edas del Kit Digital: CATEGOR\u00cdA: Gesti\u00f3n de procesos Recorridos virtuales por [&hellip;]","og_url":"https:\/\/solute.es\/es\/kit-digital\/","og_site_name":"SOLUTE","article_modified_time":"2024-06-13T15:11:09+00:00","og_image":[{"url":"https:\/\/solute.es\/wp-content\/uploads\/2024\/06\/Banner_Kit_Digital.png","type":"","width":"","height":""}],"twitter_card":"summary_large_image","twitter_misc":{"Tiempo de lectura":"1 minuto"},"schema":{"@context":"https:\/\/schema.org","@graph":[{"@type":"WebPage","@id":"https:\/\/solute.es\/kit-digital\/","url":"https:\/\/solute.es\/kit-digital\/","name":"Kit Digital | SOLUTE","isPartOf":{"@id":"https:\/\/solute.es\/#website"},"primaryImageOfPage":{"@id":"https:\/\/solute.es\/kit-digital\/#primaryimage"},"image":{"@id":"https:\/\/solute.es\/kit-digital\/#primaryimage"},"thumbnailUrl":"https:\/\/solute.es\/wp-content\/uploads\/2024\/06\/Banner_Kit_Digital.png","datePublished":"2024-06-13T14:21:03+00:00","dateModified":"2024-06-13T15:11:09+00:00","breadcrumb":{"@id":"https:\/\/solute.es\/kit-digital\/#breadcrumb"},"inLanguage":"es","potentialAction":[{"@type":"ReadAction","target":["https:\/\/solute.es\/kit-digital\/"]}]},{"@type":"ImageObject","inLanguage":"es","@id":"https:\/\/solute.es\/kit-digital\/#primaryimage","url":"https:\/\/solute.es\/wp-content\/uploads\/2024\/06\/Banner_Kit_Digital.png","contentUrl":"https:\/\/solute.es\/wp-content\/uploads\/2024\/06\/Banner_Kit_Digital.png"},{"@type":"BreadcrumbList","@id":"https:\/\/solute.es\/kit-digital\/#breadcrumb","itemListElement":[{"@type":"ListItem","position":1,"name":"Home","item":"https:\/\/solute.es\/"},{"@type":"ListItem","position":2,"name":"Kit Digital"}]},{"@type":"WebSite","@id":"https:\/\/solute.es\/#website","url":"https:\/\/solute.es\/","name":"SUSTANCIA DISOLUTA","description":"Consultor\u00eda de ingenier\u00eda multidisciplinar","publisher":{"@id":"https:\/\/solute.es\/#organization"},"potentialAction":[{"@type":"SearchAction","target":{"@type":"EntryPoint","urlTemplate":"https:\/\/solute.es\/?s={search_term_string}"},"query-input":{"@type":"PropertyValueSpecification","valueRequired":true,"valueName":"search_term_string"}}],"inLanguage":"es"},{"@type":"Organization","@id":"https:\/\/solute.es\/#organization","name":"SUSTANCIA DISOLUTA","url":"https:\/\/solute.es\/","logo":{"@type":"ImageObject","inLanguage":"es","@id":"https:\/\/solute.es\/#\/schema\/logo\/image\/","url":"https:\/\/solute.es\/wp-content\/uploads\/2024\/01\/SOLUTE_Engineering_350x100px.png","contentUrl":"https:\/\/solute.es\/wp-content\/uploads\/2024\/01\/SOLUTE_Engineering_350x100px.png","width":350,"height":100,"caption":"SOLUTE"},"image":{"@id":"https:\/\/solute.es\/#\/schema\/logo\/image\/"}}]}},"_links":{"self":[{"href":"https:\/\/solute.es\/es\/wp-json\/wp\/v2\/pages\/5245","targetHints":{"allow":["GET"]}}],"collection":[{"href":"https:\/\/solute.es\/es\/wp-json\/wp\/v2\/pages"}],"about":[{"href":"https:\/\/solute.es\/es\/wp-json\/wp\/v2\/types\/page"}],"author":[{"embeddable":true,"href":"https:\/\/solute.es\/es\/wp-json\/wp\/v2\/users\/11"}],"replies":[{"embeddable":true,"href":"https:\/\/solute.es\/es\/wp-json\/wp\/v2\/comments?post=5245"}],"version-history":[{"count":25,"href":"https:\/\/solute.es\/es\/wp-json\/wp\/v2\/pages\/5245\/revisions"}],"predecessor-version":[{"id":5290,"href":"https:\/\/solute.es\/es\/wp-json\/wp\/v2\/pages\/5245\/revisions\/5290"}],"wp:attachment":[{"href":"https:\/\/solute.es\/es\/wp-json\/wp\/v2\/media?parent=5245"}],"curies":[{"name":"wp","href":"https:\/\/api.w.org\/{rel}","templated":true}]}}