{"id":314,"date":"2024-02-13T14:56:54","date_gmt":"2024-02-13T13:56:54","guid":{"rendered":"http:\/\/solutetest.es\/?page_id=314"},"modified":"2024-11-06T10:14:45","modified_gmt":"2024-11-06T09:14:45","slug":"careers","status":"publish","type":"page","link":"https:\/\/solute.es\/es\/careers\/","title":{"rendered":"Carreras"},"content":{"rendered":"<div data-elementor-type=\"wp-page\" data-elementor-id=\"314\" class=\"elementor elementor-314\" data-elementor-post-type=\"page\">\n\t\t\t\t<div class=\"elementor-element elementor-element-7dff8d3c e-flex e-con-boxed e-con e-parent\" data-id=\"7dff8d3c\" data-element_type=\"container\" data-settings=\"{&quot;background_background&quot;:&quot;classic&quot;}\">\n\t\t\t\t\t<div class=\"e-con-inner\">\n\t\t<div class=\"elementor-element elementor-element-4ed628dd e-con-full e-flex e-con e-child\" data-id=\"4ed628dd\" data-element_type=\"container\">\n\t\t\t\t<div class=\"elementor-element elementor-element-3b6ae415 elementor-invisible elementor-widget elementor-widget-heading\" data-id=\"3b6ae415\" data-element_type=\"widget\" data-settings=\"{&quot;_animation&quot;:&quot;fadeInUp&quot;,&quot;_animation_delay&quot;:200}\" data-widget_type=\"heading.default\">\n\t\t\t\t<div class=\"elementor-widget-container\">\n\t\t\t\t\t<div class=\"elementor-heading-title elementor-size-default\">Trabaja con nosotros<\/div>\t\t\t\t<\/div>\n\t\t\t\t<\/div>\n\t\t\t\t<div class=\"elementor-element elementor-element-1ff5db5d elementor-invisible elementor-widget elementor-widget-text-editor\" data-id=\"1ff5db5d\" data-element_type=\"widget\" data-settings=\"{&quot;_animation&quot;:&quot;fadeInUp&quot;,&quot;_animation_delay&quot;:300}\" data-widget_type=\"text-editor.default\">\n\t\t\t\t<div class=\"elementor-widget-container\">\n\t\t\t\t\t\t\t\t\t<p>Explora nuestras oportunidades profesionales y forma parte de una consultor\u00eda din\u00e1mica, orientada a superar l\u00edmites y ofrecer excelencia.<\/p>\t\t\t\t\t\t\t\t<\/div>\n\t\t\t\t<\/div>\n\t\t\t\t<\/div>\n\t\t\t\t\t<\/div>\n\t\t\t\t<\/div>\n\t\t\t\t<section class=\"elementor-section elementor-top-section elementor-element elementor-element-28248ebe elementor-section-boxed elementor-section-height-default elementor-section-height-default\" data-id=\"28248ebe\" data-element_type=\"section\">\n\t\t\t\t\t\t<div class=\"elementor-container elementor-column-gap-default\">\n\t\t\t\t\t<div class=\"elementor-column elementor-col-100 elementor-top-column elementor-element elementor-element-5c7397c8\" data-id=\"5c7397c8\" data-element_type=\"column\">\n\t\t\t<div class=\"elementor-widget-wrap elementor-element-populated\">\n\t\t\t\t\t\t<div class=\"elementor-element elementor-element-5f98862e elementor-invisible elementor-widget elementor-widget-heading\" data-id=\"5f98862e\" data-element_type=\"widget\" data-settings=\"{&quot;_animation&quot;:&quot;fadeInUp&quot;,&quot;_animation_delay&quot;:200}\" data-widget_type=\"heading.default\">\n\t\t\t\t<div class=\"elementor-widget-container\">\n\t\t\t\t\t<div class=\"elementor-heading-title elementor-size-default\">\u00bfPor qu\u00e9 trabajar en SOLUTE?<\/div>\t\t\t\t<\/div>\n\t\t\t\t<\/div>\n\t\t\t\t<div class=\"elementor-element elementor-element-3a021fe0 elementor-widget elementor-widget-text-editor\" data-id=\"3a021fe0\" data-element_type=\"widget\" data-widget_type=\"text-editor.default\">\n\t\t\t\t<div class=\"elementor-widget-container\">\n\t\t\t\t\t\t\t\t\t<p>SOLUTE es una consultora de ingenier\u00eda l\u00edder reconocida por su amplia experiencia y soluciones innovadoras en diversas industrias. En SOLUTE, tendr\u00e1 la oportunidad de trabajar en equipos din\u00e1micos en diferentes proyectos para clientes y socios l\u00edderes en la industria, mejorando su carrera con experiencia pr\u00e1ctica y crecimiento profesional, y adoptando nuestra cultura empresarial.<\/p>\t\t\t\t\t\t\t\t<\/div>\n\t\t\t\t<\/div>\n\t\t\t\t\t<\/div>\n\t\t<\/div>\n\t\t\t\t\t<\/div>\n\t\t<\/section>\n\t\t<div class=\"elementor-element elementor-element-8a96745 e-flex e-con-boxed e-con e-parent\" data-id=\"8a96745\" data-element_type=\"container\">\n\t\t\t\t\t<div class=\"e-con-inner\">\n\t\t<div class=\"elementor-element elementor-element-1f00204 e-con-full e-flex e-con e-child\" data-id=\"1f00204\" data-element_type=\"container\">\n\t\t\t\t<div class=\"elementor-element elementor-element-38979edd ekit-equal-height-disable elementor-widget elementor-widget-elementskit-icon-box\" data-id=\"38979edd\" data-element_type=\"widget\" data-widget_type=\"elementskit-icon-box.default\">\n\t\t\t\t<div class=\"elementor-widget-container\">\n\t\t\t\t\t<div class=\"ekit-wid-con\" >        <!-- link opening -->\n                <a href=\"#\" class=\"ekit_global_links\">\n                <!-- end link opening -->\n\n        <div class=\"elementskit-infobox text-center text-center icon-top-align elementor-animation-\">\n                    <div class=\"elementskit-box-header elementor-animation-\">\n                <div class=\"elementskit-info-box-icon\">\n                    <i aria-hidden=\"true\" class=\"elementkit-infobox-icon icon icon-graduation-hat\"><\/i>\n                <\/div>\n          <\/div>\n                        <div class=\"box-body\">\n                            <h2 class=\"elementskit-info-box-title\">\n                    Impulsa tu potencial y tu carrera profesional                <\/h2>\n                        \t\t  \t<p>En SOLUTE queremos apoyar tu crecimiento profesional. \u00danete a nosotros para descubrir tu verdadero potencial y alcance trabajando con clientes l\u00edderes a nivel mundial en todas las industrias cubiertas.<\/p>\n                                <\/div>\n        \n        \n                <\/div>\n                <\/a>\n        <\/div>\t\t\t\t<\/div>\n\t\t\t\t<\/div>\n\t\t\t\t<\/div>\n\t\t<div class=\"elementor-element elementor-element-b6a5197 e-con-full e-flex e-con e-child\" data-id=\"b6a5197\" data-element_type=\"container\">\n\t\t\t\t<div class=\"elementor-element elementor-element-18010f1 ekit-equal-height-disable elementor-widget elementor-widget-elementskit-icon-box\" data-id=\"18010f1\" data-element_type=\"widget\" data-widget_type=\"elementskit-icon-box.default\">\n\t\t\t\t<div class=\"elementor-widget-container\">\n\t\t\t\t\t<div class=\"ekit-wid-con\" >        <!-- link opening -->\n                <a href=\"#\" class=\"ekit_global_links\">\n                <!-- end link opening -->\n\n        <div class=\"elementskit-infobox text-center text-center icon-top-align elementor-animation-\">\n                    <div class=\"elementskit-box-header elementor-animation-\">\n                <div class=\"elementskit-info-box-icon\">\n                    <i aria-hidden=\"true\" class=\"elementkit-infobox-icon icon icon-team2\"><\/i>\n                <\/div>\n          <\/div>\n                        <div class=\"box-body\">\n                            <h2 class=\"elementskit-info-box-title\">\n                    Equipo de profesionales probados y valorados                <\/h2>\n                        \t\t  \t<p>\u00danete a un equipo compuesto por profesionales experimentados. En SOLUTE, se valoran tus habilidades y contribuciones, fomentando un ambiente colaborativo y de apoyo en toda la plantilla.<\/p>\n                                <\/div>\n        \n        \n                <\/div>\n                <\/a>\n        <\/div>\t\t\t\t<\/div>\n\t\t\t\t<\/div>\n\t\t\t\t<\/div>\n\t\t<div class=\"elementor-element elementor-element-b575b8c e-con-full e-flex e-con e-child\" data-id=\"b575b8c\" data-element_type=\"container\">\n\t\t\t\t<div class=\"elementor-element elementor-element-b024799 ekit-equal-height-disable elementor-widget elementor-widget-elementskit-icon-box\" data-id=\"b024799\" data-element_type=\"widget\" data-widget_type=\"elementskit-icon-box.default\">\n\t\t\t\t<div class=\"elementor-widget-container\">\n\t\t\t\t\t<div class=\"ekit-wid-con\" >        <!-- link opening -->\n                <a href=\"#\" class=\"ekit_global_links\">\n                <!-- end link opening -->\n\n        <div class=\"elementskit-infobox text-center text-center icon-top-align elementor-animation-\">\n                    <div class=\"elementskit-box-header elementor-animation-\">\n                <div class=\"elementskit-info-box-icon\">\n                    <i aria-hidden=\"true\" class=\"elementkit-infobox-icon icon icon-map-marker1\"><\/i>\n                <\/div>\n          <\/div>\n                        <div class=\"box-body\">\n                            <h2 class=\"elementskit-info-box-title\">\n                    Trabaja a nivel global desde nuestras cuatro ubicaciones                <\/h2>\n                        \t\t  \t<p>Con nuestras cuatro ubicaciones estrat\u00e9gicas, \nMadrid, Toledo, Barcelona y Badajoz, SOLUTE te proporciona flexibilidad y adaptabilidad sin impactar en nuestros proyectos.<\/p>\n                                <\/div>\n        \n        \n                <\/div>\n                <\/a>\n        <\/div>\t\t\t\t<\/div>\n\t\t\t\t<\/div>\n\t\t\t\t<\/div>\n\t\t<div class=\"elementor-element elementor-element-156260a e-con-full e-flex e-con e-child\" data-id=\"156260a\" data-element_type=\"container\">\n\t\t\t\t<div class=\"elementor-element elementor-element-59c898f ekit-equal-height-disable elementor-widget elementor-widget-elementskit-icon-box\" data-id=\"59c898f\" data-element_type=\"widget\" data-widget_type=\"elementskit-icon-box.default\">\n\t\t\t\t<div class=\"elementor-widget-container\">\n\t\t\t\t\t<div class=\"ekit-wid-con\" >        <!-- link opening -->\n                <a href=\"#\" class=\"ekit_global_links\">\n                <!-- end link opening -->\n\n        <div class=\"elementskit-infobox text-center text-center icon-top-align elementor-animation-\">\n                    <div class=\"elementskit-box-header elementor-animation-\">\n                <div class=\"elementskit-info-box-icon\">\n                    <i aria-hidden=\"true\" class=\"elementkit-infobox-icon icon icon-balance\"><\/i>\n                <\/div>\n          <\/div>\n                        <div class=\"box-body\">\n                            <h2 class=\"elementskit-info-box-title\">\n                    Con las condiciones adecuadas para conciliar                <\/h2>\n                        \t\t  \t<p>Priorizamos tu bienestar y entendemos la importancia del equilibrio entre el trabajo y la vida personal, brind\u00e1ndote la oportunidad de prosperar tanto dentro como fuera del trabajo.<\/p>\n                                <\/div>\n        \n        \n                <\/div>\n                <\/a>\n        <\/div>\t\t\t\t<\/div>\n\t\t\t\t<\/div>\n\t\t\t\t<\/div>\n\t\t\t\t\t<\/div>\n\t\t\t\t<\/div>\n\t\t\t\t<section class=\"elementor-section elementor-top-section elementor-element elementor-element-2b055a1 elementor-section-boxed elementor-section-height-default elementor-section-height-default\" data-id=\"2b055a1\" data-element_type=\"section\" data-settings=\"{&quot;background_background&quot;:&quot;classic&quot;}\">\n\t\t\t\t\t\t\t<div class=\"elementor-background-overlay\"><\/div>\n\t\t\t\t\t\t\t<div class=\"elementor-container elementor-column-gap-default\">\n\t\t\t\t\t<div class=\"elementor-column elementor-col-100 elementor-top-column elementor-element elementor-element-7c41a42f\" data-id=\"7c41a42f\" data-element_type=\"column\">\n\t\t\t<div class=\"elementor-widget-wrap elementor-element-populated\">\n\t\t\t\t\t\t<div class=\"elementor-element elementor-element-249ea06e elementor-invisible elementor-widget elementor-widget-heading\" data-id=\"249ea06e\" data-element_type=\"widget\" data-settings=\"{&quot;_animation&quot;:&quot;fadeInUp&quot;}\" data-widget_type=\"heading.default\">\n\t\t\t\t<div class=\"elementor-widget-container\">\n\t\t\t\t\t<h6 class=\"elementor-heading-title elementor-size-default\">\u00danete a nuestro equipo<\/h6>\t\t\t\t<\/div>\n\t\t\t\t<\/div>\n\t\t\t\t<div class=\"elementor-element elementor-element-1e2e2bff elementor-invisible elementor-widget elementor-widget-heading\" data-id=\"1e2e2bff\" data-element_type=\"widget\" data-settings=\"{&quot;_animation&quot;:&quot;fadeInUp&quot;,&quot;_animation_delay&quot;:200}\" data-widget_type=\"heading.default\">\n\t\t\t\t<div class=\"elementor-widget-container\">\n\t\t\t\t\t<div class=\"elementor-heading-title elementor-size-default\">Env\u00edanos tu CV<\/div>\t\t\t\t<\/div>\n\t\t\t\t<\/div>\n\t\t\t\t<div class=\"elementor-element elementor-element-f5ebbea elementor-invisible elementor-widget elementor-widget-text-editor\" data-id=\"f5ebbea\" data-element_type=\"widget\" data-settings=\"{&quot;_animation&quot;:&quot;fadeInUp&quot;,&quot;_animation_delay&quot;:300}\" data-widget_type=\"text-editor.default\">\n\t\t\t\t<div class=\"elementor-widget-container\">\n\t\t\t\t\t\t\t\t\t<p>\u00bfListo para dar forma al futuro de la ingenier\u00eda? Env\u00edanos tu CV y s\u00e9 parte de nuestro din\u00e1mico equipo. Siempre estamos abiertos a recibir cualquier candidatura. Simplemente env\u00edanos tu CV a trav\u00e9s del bot\u00f3n de abajo.<\/p>\t\t\t\t\t\t\t\t<\/div>\n\t\t\t\t<\/div>\n\t\t\t\t<div class=\"elementor-element elementor-element-3a332f2f elementor-invisible elementor-widget elementor-widget-button\" data-id=\"3a332f2f\" data-element_type=\"widget\" data-settings=\"{&quot;_animation&quot;:&quot;fadeInUp&quot;,&quot;_animation_delay&quot;:350}\" data-widget_type=\"button.default\">\n\t\t\t\t<div class=\"elementor-widget-container\">\n\t\t\t\t\t\t\t\t\t<div class=\"elementor-button-wrapper\">\n\t\t\t\t\t<a class=\"elementor-button elementor-button-link elementor-size-lg\" href=\"https:\/\/careers.solute.es\/jobs\/envianos-tu-cv-1eff8d3d-9f90-4ae8-af32-941e7e08d07a\">\n\t\t\t\t\t\t<span class=\"elementor-button-content-wrapper\">\n\t\t\t\t\t\t\t\t\t<span class=\"elementor-button-text\">Enviar CV<\/span>\n\t\t\t\t\t<\/span>\n\t\t\t\t\t<\/a>\n\t\t\t\t<\/div>\n\t\t\t\t\t\t\t\t<\/div>\n\t\t\t\t<\/div>\n\t\t\t\t\t<\/div>\n\t\t<\/div>\n\t\t\t\t\t<\/div>\n\t\t<\/section>\n\t\t<div class=\"elementor-element elementor-element-3448a812 e-flex e-con-boxed e-con e-parent\" data-id=\"3448a812\" data-element_type=\"container\">\n\t\t\t\t\t<div class=\"e-con-inner\">\n\t\t\t\t<div class=\"elementor-element elementor-element-67a3c565 elementor-widget elementor-widget-html\" data-id=\"67a3c565\" data-element_type=\"widget\" data-widget_type=\"html.default\">\n\t\t\t\t<div class=\"elementor-widget-container\">\n\t\t\t\t\t<iframe id=\"inlineFrameExample\" title=\"Ejemplo de marco en l\u00ednea\" width=\"100%\" height=\"1100px\" style=\"border: none;\" src=\"https:\/\/careers.solute.es\/jobs_preview\">\r\n  <\/iframe>\t\t\t\t<\/div>\n\t\t\t\t<\/div>\n\t\t\t\t\t<\/div>\n\t\t\t\t<\/div>\n\t\t\t\t<\/div>","protected":false},"excerpt":{"rendered":"<p>Trabaja con nosotros. Explora emocionantes oportunidades profesionales y forma parte de una consultora din\u00e1mica dedicada a superar los l\u00edmites y alcanzar la excelencia. \u00bfPor qu\u00e9 trabajar en SOLUTE? SOLUTE es una consultora de ingenier\u00eda l\u00edder, reconocida por su amplia experiencia y soluciones innovadoras en diversos sectores. En SOLUTE, tendr\u00e1s la oportunidad de trabajar en equipos din\u00e1micos en diferentes [\u2026]<\/p>","protected":false},"author":11,"featured_media":0,"parent":0,"menu_order":0,"comment_status":"closed","ping_status":"closed","template":"elementor_header_footer","meta":{"footnotes":""},"class_list":["post-314","page","type-page","status-publish","hentry"],"yoast_head":"<!-- This site is optimized with the Yoast SEO plugin v26.2 - https:\/\/yoast.com\/wordpress\/plugins\/seo\/ -->\n<title>Careers - Join our teams | SOLUTE<\/title>\n<meta name=\"description\" content=\"We value your talent. Send us your CV and boost your potential and professional career within our wide variety of engineering disciplines\" \/>\n<meta name=\"robots\" content=\"index, follow, max-snippet:-1, max-image-preview:large, max-video-preview:-1\" \/>\n<link rel=\"canonical\" href=\"https:\/\/solute.es\/es\/careers\/\" \/>\n<meta property=\"og:locale\" content=\"es_ES\" \/>\n<meta property=\"og:type\" content=\"article\" \/>\n<meta property=\"og:title\" content=\"Careers - Join our teams | SOLUTE\" \/>\n<meta property=\"og:description\" content=\"We value your talent. Send us your CV and boost your potential and professional career within our wide variety of engineering disciplines\" \/>\n<meta property=\"og:url\" content=\"https:\/\/solute.es\/es\/careers\/\" \/>\n<meta property=\"og:site_name\" content=\"SOLUTE\" \/>\n<meta property=\"article:modified_time\" content=\"2024-11-06T09:14:45+00:00\" \/>\n<meta property=\"og:image\" content=\"https:\/\/solute.es\/wp-content\/uploads\/2024\/08\/CV.jpg\" \/>\n\t<meta property=\"og:image:width\" content=\"6000\" \/>\n\t<meta property=\"og:image:height\" content=\"4000\" \/>\n\t<meta property=\"og:image:type\" content=\"image\/jpeg\" \/>\n<meta name=\"twitter:card\" content=\"summary_large_image\" \/>\n<meta name=\"twitter:label1\" content=\"Tiempo de lectura\" \/>\n\t<meta name=\"twitter:data1\" content=\"2 minutos\" \/>\n<script type=\"application\/ld+json\" class=\"yoast-schema-graph\">{\"@context\":\"https:\/\/schema.org\",\"@graph\":[{\"@type\":\"WebPage\",\"@id\":\"https:\/\/solute.es\/careers\/\",\"url\":\"https:\/\/solute.es\/careers\/\",\"name\":\"Careers - Join our teams | SOLUTE\",\"isPartOf\":{\"@id\":\"https:\/\/solute.es\/#website\"},\"datePublished\":\"2024-02-13T13:56:54+00:00\",\"dateModified\":\"2024-11-06T09:14:45+00:00\",\"description\":\"We value your talent. Send us your CV and boost your potential and professional career within our wide variety of engineering disciplines\",\"breadcrumb\":{\"@id\":\"https:\/\/solute.es\/careers\/#breadcrumb\"},\"inLanguage\":\"es\",\"potentialAction\":[{\"@type\":\"ReadAction\",\"target\":[\"https:\/\/solute.es\/careers\/\"]}]},{\"@type\":\"BreadcrumbList\",\"@id\":\"https:\/\/solute.es\/careers\/#breadcrumb\",\"itemListElement\":[{\"@type\":\"ListItem\",\"position\":1,\"name\":\"Home\",\"item\":\"https:\/\/solute.es\/\"},{\"@type\":\"ListItem\",\"position\":2,\"name\":\"Careers\"}]},{\"@type\":\"WebSite\",\"@id\":\"https:\/\/solute.es\/#website\",\"url\":\"https:\/\/solute.es\/\",\"name\":\"SOLUTE\",\"description\":\"Multidisciplinary engineering consultancy\",\"publisher\":{\"@id\":\"https:\/\/solute.es\/#organization\"},\"potentialAction\":[{\"@type\":\"SearchAction\",\"target\":{\"@type\":\"EntryPoint\",\"urlTemplate\":\"https:\/\/solute.es\/?s={search_term_string}\"},\"query-input\":{\"@type\":\"PropertyValueSpecification\",\"valueRequired\":true,\"valueName\":\"search_term_string\"}}],\"inLanguage\":\"es\"},{\"@type\":\"Organization\",\"@id\":\"https:\/\/solute.es\/#organization\",\"name\":\"SOLUTE\",\"url\":\"https:\/\/solute.es\/\",\"logo\":{\"@type\":\"ImageObject\",\"inLanguage\":\"es\",\"@id\":\"https:\/\/solute.es\/#\/schema\/logo\/image\/\",\"url\":\"https:\/\/solute.es\/wp-content\/uploads\/2024\/01\/SOLUTE_Engineering_350x100px.png\",\"contentUrl\":\"https:\/\/solute.es\/wp-content\/uploads\/2024\/01\/SOLUTE_Engineering_350x100px.png\",\"width\":350,\"height\":100,\"caption\":\"SOLUTE\"},\"image\":{\"@id\":\"https:\/\/solute.es\/#\/schema\/logo\/image\/\"}}]}<\/script>\n<!-- \/ Yoast SEO plugin. -->","yoast_head_json":{"title":"Careers - Join our teams | SOLUTE","description":"We value your talent. Send us your CV and boost your potential and professional career within our wide variety of engineering disciplines","robots":{"index":"index","follow":"follow","max-snippet":"max-snippet:-1","max-image-preview":"max-image-preview:large","max-video-preview":"max-video-preview:-1"},"canonical":"https:\/\/solute.es\/es\/careers\/","og_locale":"es_ES","og_type":"article","og_title":"Careers - Join our teams | SOLUTE","og_description":"We value your talent. Send us your CV and boost your potential and professional career within our wide variety of engineering disciplines","og_url":"https:\/\/solute.es\/es\/careers\/","og_site_name":"SOLUTE","article_modified_time":"2024-11-06T09:14:45+00:00","og_image":[{"width":6000,"height":4000,"url":"https:\/\/solute.es\/wp-content\/uploads\/2024\/08\/CV.jpg","type":"image\/jpeg"}],"twitter_card":"summary_large_image","twitter_misc":{"Tiempo de lectura":"2 minutos"},"schema":{"@context":"https:\/\/schema.org","@graph":[{"@type":"WebPage","@id":"https:\/\/solute.es\/careers\/","url":"https:\/\/solute.es\/careers\/","name":"Careers - Join our teams | SOLUTE","isPartOf":{"@id":"https:\/\/solute.es\/#website"},"datePublished":"2024-02-13T13:56:54+00:00","dateModified":"2024-11-06T09:14:45+00:00","description":"We value your talent. Send us your CV and boost your potential and professional career within our wide variety of engineering disciplines","breadcrumb":{"@id":"https:\/\/solute.es\/careers\/#breadcrumb"},"inLanguage":"es","potentialAction":[{"@type":"ReadAction","target":["https:\/\/solute.es\/careers\/"]}]},{"@type":"BreadcrumbList","@id":"https:\/\/solute.es\/careers\/#breadcrumb","itemListElement":[{"@type":"ListItem","position":1,"name":"Home","item":"https:\/\/solute.es\/"},{"@type":"ListItem","position":2,"name":"Careers"}]},{"@type":"WebSite","@id":"https:\/\/solute.es\/#website","url":"https:\/\/solute.es\/","name":"SUSTANCIA DISOLUTA","description":"Consultor\u00eda de ingenier\u00eda multidisciplinar","publisher":{"@id":"https:\/\/solute.es\/#organization"},"potentialAction":[{"@type":"SearchAction","target":{"@type":"EntryPoint","urlTemplate":"https:\/\/solute.es\/?s={search_term_string}"},"query-input":{"@type":"PropertyValueSpecification","valueRequired":true,"valueName":"search_term_string"}}],"inLanguage":"es"},{"@type":"Organization","@id":"https:\/\/solute.es\/#organization","name":"SUSTANCIA DISOLUTA","url":"https:\/\/solute.es\/","logo":{"@type":"ImageObject","inLanguage":"es","@id":"https:\/\/solute.es\/#\/schema\/logo\/image\/","url":"https:\/\/solute.es\/wp-content\/uploads\/2024\/01\/SOLUTE_Engineering_350x100px.png","contentUrl":"https:\/\/solute.es\/wp-content\/uploads\/2024\/01\/SOLUTE_Engineering_350x100px.png","width":350,"height":100,"caption":"SOLUTE"},"image":{"@id":"https:\/\/solute.es\/#\/schema\/logo\/image\/"}}]}},"_links":{"self":[{"href":"https:\/\/solute.es\/es\/wp-json\/wp\/v2\/pages\/314","targetHints":{"allow":["GET"]}}],"collection":[{"href":"https:\/\/solute.es\/es\/wp-json\/wp\/v2\/pages"}],"about":[{"href":"https:\/\/solute.es\/es\/wp-json\/wp\/v2\/types\/page"}],"author":[{"embeddable":true,"href":"https:\/\/solute.es\/es\/wp-json\/wp\/v2\/users\/11"}],"replies":[{"embeddable":true,"href":"https:\/\/solute.es\/es\/wp-json\/wp\/v2\/comments?post=314"}],"version-history":[{"count":106,"href":"https:\/\/solute.es\/es\/wp-json\/wp\/v2\/pages\/314\/revisions"}],"predecessor-version":[{"id":6495,"href":"https:\/\/solute.es\/es\/wp-json\/wp\/v2\/pages\/314\/revisions\/6495"}],"wp:attachment":[{"href":"https:\/\/solute.es\/es\/wp-json\/wp\/v2\/media?parent=314"}],"curies":[{"name":"wp","href":"https:\/\/api.w.org\/{rel}","templated":true}]}}